{"id":2,"date":"2025-07-30T10:30:31","date_gmt":"2025-07-30T10:30:31","guid":{"rendered":"https:\/\/charcuteriaramonvilla.rkinformatika.online\/?page_id=2"},"modified":"2025-08-04T10:31:27","modified_gmt":"2025-08-04T10:31:27","slug":"inicio","status":"publish","type":"page","link":"https:\/\/charcuteriaramonvilla.es\/en\/","title":{"rendered":"Home"},"content":{"rendered":"<div data-elementor-type=\"wp-page\" data-elementor-id=\"2\" class=\"elementor elementor-2\" data-elementor-post-type=\"page\">\n\t\t\t\t\t\t<section class=\"elementor-section elementor-top-section elementor-element elementor-element-21e9bef elementor-section-boxed elementor-section-height-default elementor-section-height-default\" data-id=\"21e9bef\" data-element_type=\"section\" data-e-type=\"section\" data-settings=\"{&quot;background_background&quot;:&quot;classic&quot;}\">\n\t\t\t\t\t\t\t<div class=\"elementor-background-overlay\"><\/div>\n\t\t\t\t\t\t\t<div class=\"elementor-container elementor-column-gap-default\">\n\t\t\t\t\t<div class=\"elementor-column elementor-col-100 elementor-top-column elementor-element elementor-element-b8f7c1b\" data-id=\"b8f7c1b\" data-element_type=\"column\" data-e-type=\"column\">\n\t\t\t<div class=\"elementor-widget-wrap elementor-element-populated\">\n\t\t\t\t\t\t<div class=\"elementor-element elementor-element-710fa31 elementor-invisible elementor-widget elementor-widget-heading\" data-id=\"710fa31\" data-element_type=\"widget\" data-e-type=\"widget\" data-settings=\"{&quot;_animation&quot;:&quot;fadeInRight&quot;}\" data-widget_type=\"heading.default\">\n\t\t\t\t\t<h2 class=\"elementor-heading-title elementor-size-default\">Charcuter\u00eda \u2014 the finest quality, delivered directly to you.<\/h2>\t\t\t\t<\/div>\n\t\t\t\t<div class=\"elementor-element elementor-element-b465777 elementor-widget elementor-widget-button\" data-id=\"b465777\" data-element_type=\"widget\" data-e-type=\"widget\" data-widget_type=\"button.default\">\n\t\t\t\t\t\t\t\t\t\t<a class=\"elementor-button elementor-button-link elementor-size-sm elementor-animation-float\" href=\"\/en\/servicios\/\">\n\t\t\t\t\t\t<span class=\"elementor-button-content-wrapper\">\n\t\t\t\t\t\t\t\t\t<span class=\"elementor-button-text\">Services<\/span>\n\t\t\t\t\t<\/span>\n\t\t\t\t\t<\/a>\n\t\t\t\t\t\t\t\t<\/div>\n\t\t\t\t\t<\/div>\n\t\t<\/div>\n\t\t\t\t\t<\/div>\n\t\t<\/section>\n\t\t\t\t<section class=\"elementor-section elementor-top-section elementor-element elementor-element-30541a3 elementor-section-boxed elementor-section-height-default elementor-section-height-default\" data-id=\"30541a3\" data-element_type=\"section\" data-e-type=\"section\">\n\t\t\t\t\t\t<div class=\"elementor-container elementor-column-gap-default\">\n\t\t\t\t\t<div class=\"elementor-column elementor-col-50 elementor-top-column elementor-element elementor-element-6cb5165\" data-id=\"6cb5165\" data-element_type=\"column\" data-e-type=\"column\">\n\t\t\t<div class=\"elementor-widget-wrap elementor-element-populated\">\n\t\t\t\t\t\t<div class=\"elementor-element elementor-element-f616aca elementor-invisible elementor-widget elementor-widget-heading\" data-id=\"f616aca\" data-element_type=\"widget\" data-e-type=\"widget\" data-settings=\"{&quot;_animation&quot;:&quot;fadeIn&quot;,&quot;_animation_delay&quot;:100}\" data-widget_type=\"heading.default\">\n\t\t\t\t\t<h2 class=\"elementor-heading-title elementor-size-default\">Cutting specialist<\/h2>\t\t\t\t<\/div>\n\t\t\t\t<div class=\"elementor-element elementor-element-c4636fa elementor-widget elementor-widget-text-editor\" data-id=\"c4636fa\" data-element_type=\"widget\" data-e-type=\"widget\" data-widget_type=\"text-editor.default\">\n\t\t\t\t\t\t\t\t\t<p>At Charcuter\u00eda, we specialize in hand-slicing all our products, ensuring exceptional quality and a unique flavor in every bite. We take the time necessary to make sure each piece is cut with the precision and care it deserves.<\/p>\t\t\t\t\t\t\t\t<\/div>\n\t\t\t\t<div class=\"elementor-element elementor-element-b24ac94 elementor-widget elementor-widget-button\" data-id=\"b24ac94\" data-element_type=\"widget\" data-e-type=\"widget\" data-widget_type=\"button.default\">\n\t\t\t\t\t\t\t\t\t\t<a class=\"elementor-button elementor-button-link elementor-size-sm elementor-animation-float\" href=\"\/en\/servicios\/\">\n\t\t\t\t\t\t<span class=\"elementor-button-content-wrapper\">\n\t\t\t\t\t\t\t\t\t<span class=\"elementor-button-text\">Services<\/span>\n\t\t\t\t\t<\/span>\n\t\t\t\t\t<\/a>\n\t\t\t\t\t\t\t\t<\/div>\n\t\t\t\t\t<\/div>\n\t\t<\/div>\n\t\t\t\t<div class=\"elementor-column elementor-col-50 elementor-top-column elementor-element elementor-element-f77c04b\" data-id=\"f77c04b\" data-element_type=\"column\" data-e-type=\"column\">\n\t\t\t<div class=\"elementor-widget-wrap elementor-element-populated\">\n\t\t\t\t\t\t<div class=\"elementor-element elementor-element-a736935 elementor-flip-box--effect-push elementor-flip-box--direction-up elementor-widget elementor-widget-flip-box\" data-id=\"a736935\" data-element_type=\"widget\" data-e-type=\"widget\" data-widget_type=\"flip-box.default\">\n\t\t\t\t\t\t\t<div class=\"elementor-flip-box\" tabindex=\"0\">\n\t\t\t<div class=\"elementor-flip-box__layer elementor-flip-box__front\">\n\t\t\t\t<div class=\"elementor-flip-box__layer__overlay\">\n\t\t\t\t\t<div class=\"elementor-flip-box__layer__inner\">\n\t\t\t\t\t\t\n\t\t\t\t\t\t\n\t\t\t\t\t\t\t\t\t\t\t<\/div>\n\t\t\t\t<\/div>\n\t\t\t<\/div>\n\t\t\t<div class=\"elementor-flip-box__layer elementor-flip-box__back\">\n\t\t\t<div class=\"elementor-flip-box__layer__overlay\">\n\t\t\t\t<div class=\"elementor-flip-box__layer__inner\">\n\t\t\t\t\t\n\t\t\t\t\t\n\t\t\t\t\t\t\t\t<\/div>\n\t\t<\/div>\n\t\t<\/div>\n\t\t<\/div>\n\t\t\t\t\t\t<\/div>\n\t\t\t\t\t<\/div>\n\t\t<\/div>\n\t\t\t\t\t<\/div>\n\t\t<\/section>\n\t\t<div class=\"elementor-element elementor-element-58a9cc0 e-flex e-con-boxed e-con e-parent\" data-id=\"58a9cc0\" data-element_type=\"container\" data-e-type=\"container\" data-settings=\"{&quot;background_background&quot;:&quot;classic&quot;}\">\n\t\t\t\t\t<div class=\"e-con-inner\">\n\t\t\t\t<div class=\"elementor-element elementor-element-9924967 elementor-invisible elementor-widget elementor-widget-heading\" data-id=\"9924967\" data-element_type=\"widget\" data-e-type=\"widget\" data-settings=\"{&quot;_animation&quot;:&quot;fadeInRight&quot;}\" data-widget_type=\"heading.default\">\n\t\t\t\t\t<h2 class=\"elementor-heading-title elementor-size-default\">The taste of ham on a pintxo... simply unbeatable!<\/h2>\t\t\t\t<\/div>\n\t\t\t\t<div class=\"elementor-element elementor-element-5955a69 elementor-invisible elementor-widget elementor-widget-button\" data-id=\"5955a69\" data-element_type=\"widget\" data-e-type=\"widget\" data-settings=\"{&quot;_animation&quot;:&quot;fadeInLeft&quot;}\" data-widget_type=\"button.default\">\n\t\t\t\t\t\t\t\t\t\t<a class=\"elementor-button elementor-button-link elementor-size-sm elementor-animation-float\" href=\"\/en\/servicios\/\">\n\t\t\t\t\t\t<span class=\"elementor-button-content-wrapper\">\n\t\t\t\t\t\t\t\t\t<span class=\"elementor-button-text\">Services<\/span>\n\t\t\t\t\t<\/span>\n\t\t\t\t\t<\/a>\n\t\t\t\t\t\t\t\t<\/div>\n\t\t\t\t\t<\/div>\n\t\t\t\t<\/div>\n\t\t\t\t<section class=\"elementor-section elementor-top-section elementor-element elementor-element-649ca50 elementor-section-boxed elementor-section-height-default elementor-section-height-default elementor-invisible\" data-id=\"649ca50\" data-element_type=\"section\" data-e-type=\"section\" data-settings=\"{&quot;animation&quot;:&quot;fadeInDown&quot;}\">\n\t\t\t\t\t\t<div class=\"elementor-container elementor-column-gap-default\">\n\t\t\t\t\t<div class=\"elementor-column elementor-col-50 elementor-top-column elementor-element elementor-element-1896806\" data-id=\"1896806\" data-element_type=\"column\" data-e-type=\"column\">\n\t\t\t<div class=\"elementor-widget-wrap elementor-element-populated\">\n\t\t\t\t\t\t<div class=\"elementor-element elementor-element-089809f elementor-flip-box--effect-push elementor-flip-box--direction-up elementor-widget elementor-widget-flip-box\" data-id=\"089809f\" data-element_type=\"widget\" data-e-type=\"widget\" data-widget_type=\"flip-box.default\">\n\t\t\t\t\t\t\t<div class=\"elementor-flip-box\" tabindex=\"0\">\n\t\t\t<div class=\"elementor-flip-box__layer elementor-flip-box__front\">\n\t\t\t\t<div class=\"elementor-flip-box__layer__overlay\">\n\t\t\t\t\t<div class=\"elementor-flip-box__layer__inner\">\n\t\t\t\t\t\t\n\t\t\t\t\t\t\n\t\t\t\t\t\t\t\t\t\t\t<\/div>\n\t\t\t\t<\/div>\n\t\t\t<\/div>\n\t\t\t<div class=\"elementor-flip-box__layer elementor-flip-box__back\">\n\t\t\t<div class=\"elementor-flip-box__layer__overlay\">\n\t\t\t\t<div class=\"elementor-flip-box__layer__inner\">\n\t\t\t\t\t\n\t\t\t\t\t\n\t\t\t\t\t\t\t\t<\/div>\n\t\t<\/div>\n\t\t<\/div>\n\t\t<\/div>\n\t\t\t\t\t\t<\/div>\n\t\t\t\t\t<\/div>\n\t\t<\/div>\n\t\t\t\t<div class=\"elementor-column elementor-col-50 elementor-top-column elementor-element elementor-element-a144f01\" data-id=\"a144f01\" data-element_type=\"column\" data-e-type=\"column\">\n\t\t\t<div class=\"elementor-widget-wrap elementor-element-populated\">\n\t\t\t\t\t\t<div class=\"elementor-element elementor-element-1af493e elementor-invisible elementor-widget elementor-widget-heading\" data-id=\"1af493e\" data-element_type=\"widget\" data-e-type=\"widget\" data-settings=\"{&quot;_animation&quot;:&quot;fadeIn&quot;,&quot;_animation_delay&quot;:100}\" data-widget_type=\"heading.default\">\n\t\t\t\t\t<h2 class=\"elementor-heading-title elementor-size-default\">About us <\/h2>\t\t\t\t<\/div>\n\t\t\t\t<div class=\"elementor-element elementor-element-c45c472 elementor-widget elementor-widget-text-editor\" data-id=\"c45c472\" data-element_type=\"widget\" data-e-type=\"widget\" data-widget_type=\"text-editor.default\">\n\t\t\t\t\t\t\t\t\t<p>We are the fifth generation in the Markets of Seville, and with a long and rich family tradition, we have been proudly serving our customers with enthusiasm and deep commitment since the opening of the Pino Montano Market in 1987. Over the years, we have honed our skills and expertise to offer not only the finest fresh products of the highest quality, but also exceptional service that exceeds expectations and enhances the shopping experience.<\/p>\t\t\t\t\t\t\t\t<\/div>\n\t\t\t\t<div class=\"elementor-element elementor-element-eb59326 elementor-widget elementor-widget-button\" data-id=\"eb59326\" data-element_type=\"widget\" data-e-type=\"widget\" data-widget_type=\"button.default\">\n\t\t\t\t\t\t\t\t\t\t<a class=\"elementor-button elementor-button-link elementor-size-sm elementor-animation-float\" href=\"\/en\/servicios\/\">\n\t\t\t\t\t\t<span class=\"elementor-button-content-wrapper\">\n\t\t\t\t\t\t\t\t\t<span class=\"elementor-button-text\">Services<\/span>\n\t\t\t\t\t<\/span>\n\t\t\t\t\t<\/a>\n\t\t\t\t\t\t\t\t<\/div>\n\t\t\t\t\t<\/div>\n\t\t<\/div>\n\t\t\t\t\t<\/div>\n\t\t<\/section>\n\t\t\t\t<\/div>","protected":false},"excerpt":{"rendered":"<p>Charcuter\u00eda de la mejor calidad entregados directamente a t\u00ed Servicios Especialista en corte En nuestra charcuter\u00eda, nos especializamos en el corte a cuchillo de todos nuestros productos, garantizando as\u00ed una calidad excepcional y un sabor \u00fanico en cada bocado. Nos tomamos el tiempo necesario para asegurar que cada pieza sea cortada con la precisi\u00f3n y [&hellip;]<\/p>\n","protected":false},"author":1,"featured_media":0,"parent":0,"menu_order":0,"comment_status":"closed","ping_status":"closed","template":"elementor_canvas","meta":{"footnotes":""},"class_list":["post-2","page","type-page","status-publish","hentry"],"yoast_head":"<!-- This site is optimized with the Yoast SEO plugin v27.3 - https:\/\/yoast.com\/product\/yoast-seo-wordpress\/ -->\n<title>Inicio - Charcuter\u00eda Ram\u00f3n Villa<\/title>\n<meta name=\"robots\" content=\"index, follow, max-snippet:-1, max-image-preview:large, max-video-preview:-1\" \/>\n<link rel=\"canonical\" href=\"https:\/\/charcuteriaramonvilla.es\/en\/\" \/>\n<meta property=\"og:locale\" content=\"en_US\" \/>\n<meta property=\"og:type\" content=\"article\" \/>\n<meta property=\"og:title\" content=\"Inicio - Charcuter\u00eda Ram\u00f3n Villa\" \/>\n<meta property=\"og:description\" content=\"Charcuter\u00eda de la mejor calidad entregados directamente a t\u00ed Servicios Especialista en corte En nuestra charcuter\u00eda, nos especializamos en el corte a cuchillo de todos nuestros productos, garantizando as\u00ed una calidad excepcional y un sabor \u00fanico en cada bocado. Nos tomamos el tiempo necesario para asegurar que cada pieza sea cortada con la precisi\u00f3n y [&hellip;]\" \/>\n<meta property=\"og:url\" content=\"https:\/\/charcuteriaramonvilla.es\/en\/\" \/>\n<meta property=\"og:site_name\" content=\"Charcuter\u00eda Ram\u00f3n Villa\" \/>\n<meta property=\"article:modified_time\" content=\"2025-08-04T10:31:27+00:00\" \/>\n<meta name=\"twitter:card\" content=\"summary_large_image\" \/>\n<meta name=\"twitter:label1\" content=\"Est. reading time\" \/>\n\t<meta name=\"twitter:data1\" content=\"1 minute\" \/>\n<script type=\"application\/ld+json\" class=\"yoast-schema-graph\">{\"@context\":\"https:\\\/\\\/schema.org\",\"@graph\":[{\"@type\":\"WebPage\",\"@id\":\"https:\\\/\\\/charcuteriaramonvilla.es\\\/\",\"url\":\"https:\\\/\\\/charcuteriaramonvilla.es\\\/\",\"name\":\"Inicio - Charcuter\u00eda Ram\u00f3n Villa\",\"isPartOf\":{\"@id\":\"https:\\\/\\\/charcuteriaramonvilla.es\\\/#website\"},\"datePublished\":\"2025-07-30T10:30:31+00:00\",\"dateModified\":\"2025-08-04T10:31:27+00:00\",\"breadcrumb\":{\"@id\":\"https:\\\/\\\/charcuteriaramonvilla.es\\\/#breadcrumb\"},\"inLanguage\":\"en-US\",\"potentialAction\":[{\"@type\":\"ReadAction\",\"target\":[\"https:\\\/\\\/charcuteriaramonvilla.es\\\/\"]}]},{\"@type\":\"BreadcrumbList\",\"@id\":\"https:\\\/\\\/charcuteriaramonvilla.es\\\/#breadcrumb\",\"itemListElement\":[{\"@type\":\"ListItem\",\"position\":1,\"name\":\"Portada\",\"item\":\"https:\\\/\\\/charcuteriaramonvilla.es\\\/\"},{\"@type\":\"ListItem\",\"position\":2,\"name\":\"Inicio\"}]},{\"@type\":\"WebSite\",\"@id\":\"https:\\\/\\\/charcuteriaramonvilla.es\\\/#website\",\"url\":\"https:\\\/\\\/charcuteriaramonvilla.es\\\/\",\"name\":\"Charcuter\u00eda Ram\u00f3n Villa\",\"description\":\"Charcuter\u00eda Ram\u00f3n Villa\",\"publisher\":{\"@id\":\"https:\\\/\\\/charcuteriaramonvilla.es\\\/#organization\"},\"potentialAction\":[{\"@type\":\"SearchAction\",\"target\":{\"@type\":\"EntryPoint\",\"urlTemplate\":\"https:\\\/\\\/charcuteriaramonvilla.es\\\/?s={search_term_string}\"},\"query-input\":{\"@type\":\"PropertyValueSpecification\",\"valueRequired\":true,\"valueName\":\"search_term_string\"}}],\"inLanguage\":\"en-US\"},{\"@type\":\"Organization\",\"@id\":\"https:\\\/\\\/charcuteriaramonvilla.es\\\/#organization\",\"name\":\"Charcuter\u00eda Ram\u00f3n Villa\",\"url\":\"https:\\\/\\\/charcuteriaramonvilla.es\\\/\",\"logo\":{\"@type\":\"ImageObject\",\"inLanguage\":\"en-US\",\"@id\":\"https:\\\/\\\/charcuteriaramonvilla.es\\\/#\\\/schema\\\/logo\\\/image\\\/\",\"url\":\"https:\\\/\\\/charcuteriaramonvilla.es\\\/wp-content\\\/uploads\\\/2025\\\/07\\\/cropped-logo-trans.png\",\"contentUrl\":\"https:\\\/\\\/charcuteriaramonvilla.es\\\/wp-content\\\/uploads\\\/2025\\\/07\\\/cropped-logo-trans.png\",\"width\":727,\"height\":286,\"caption\":\"Charcuter\u00eda Ram\u00f3n Villa\"},\"image\":{\"@id\":\"https:\\\/\\\/charcuteriaramonvilla.es\\\/#\\\/schema\\\/logo\\\/image\\\/\"}}]}<\/script>\n<!-- \/ Yoast SEO plugin. -->","yoast_head_json":{"title":"Inicio - Charcuter\u00eda Ram\u00f3n Villa","robots":{"index":"index","follow":"follow","max-snippet":"max-snippet:-1","max-image-preview":"max-image-preview:large","max-video-preview":"max-video-preview:-1"},"canonical":"https:\/\/charcuteriaramonvilla.es\/en\/","og_locale":"en_US","og_type":"article","og_title":"Inicio - Charcuter\u00eda Ram\u00f3n Villa","og_description":"Charcuter\u00eda de la mejor calidad entregados directamente a t\u00ed Servicios Especialista en corte En nuestra charcuter\u00eda, nos especializamos en el corte a cuchillo de todos nuestros productos, garantizando as\u00ed una calidad excepcional y un sabor \u00fanico en cada bocado. Nos tomamos el tiempo necesario para asegurar que cada pieza sea cortada con la precisi\u00f3n y [&hellip;]","og_url":"https:\/\/charcuteriaramonvilla.es\/en\/","og_site_name":"Charcuter\u00eda Ram\u00f3n Villa","article_modified_time":"2025-08-04T10:31:27+00:00","twitter_card":"summary_large_image","twitter_misc":{"Est. reading time":"1 minute"},"schema":{"@context":"https:\/\/schema.org","@graph":[{"@type":"WebPage","@id":"https:\/\/charcuteriaramonvilla.es\/","url":"https:\/\/charcuteriaramonvilla.es\/","name":"Inicio - Charcuter\u00eda Ram\u00f3n Villa","isPartOf":{"@id":"https:\/\/charcuteriaramonvilla.es\/#website"},"datePublished":"2025-07-30T10:30:31+00:00","dateModified":"2025-08-04T10:31:27+00:00","breadcrumb":{"@id":"https:\/\/charcuteriaramonvilla.es\/#breadcrumb"},"inLanguage":"en-US","potentialAction":[{"@type":"ReadAction","target":["https:\/\/charcuteriaramonvilla.es\/"]}]},{"@type":"BreadcrumbList","@id":"https:\/\/charcuteriaramonvilla.es\/#breadcrumb","itemListElement":[{"@type":"ListItem","position":1,"name":"Portada","item":"https:\/\/charcuteriaramonvilla.es\/"},{"@type":"ListItem","position":2,"name":"Inicio"}]},{"@type":"WebSite","@id":"https:\/\/charcuteriaramonvilla.es\/#website","url":"https:\/\/charcuteriaramonvilla.es\/","name":"Charcuter\u00eda Ram\u00f3n Villa","description":"Charcuter\u00eda Ram\u00f3n Villa","publisher":{"@id":"https:\/\/charcuteriaramonvilla.es\/#organization"},"potentialAction":[{"@type":"SearchAction","target":{"@type":"EntryPoint","urlTemplate":"https:\/\/charcuteriaramonvilla.es\/?s={search_term_string}"},"query-input":{"@type":"PropertyValueSpecification","valueRequired":true,"valueName":"search_term_string"}}],"inLanguage":"en-US"},{"@type":"Organization","@id":"https:\/\/charcuteriaramonvilla.es\/#organization","name":"Charcuter\u00eda Ram\u00f3n Villa","url":"https:\/\/charcuteriaramonvilla.es\/","logo":{"@type":"ImageObject","inLanguage":"en-US","@id":"https:\/\/charcuteriaramonvilla.es\/#\/schema\/logo\/image\/","url":"https:\/\/charcuteriaramonvilla.es\/wp-content\/uploads\/2025\/07\/cropped-logo-trans.png","contentUrl":"https:\/\/charcuteriaramonvilla.es\/wp-content\/uploads\/2025\/07\/cropped-logo-trans.png","width":727,"height":286,"caption":"Charcuter\u00eda Ram\u00f3n Villa"},"image":{"@id":"https:\/\/charcuteriaramonvilla.es\/#\/schema\/logo\/image\/"}}]}},"_links":{"self":[{"href":"https:\/\/charcuteriaramonvilla.es\/en\/wp-json\/wp\/v2\/pages\/2","targetHints":{"allow":["GET"]}}],"collection":[{"href":"https:\/\/charcuteriaramonvilla.es\/en\/wp-json\/wp\/v2\/pages"}],"about":[{"href":"https:\/\/charcuteriaramonvilla.es\/en\/wp-json\/wp\/v2\/types\/page"}],"author":[{"embeddable":true,"href":"https:\/\/charcuteriaramonvilla.es\/en\/wp-json\/wp\/v2\/users\/1"}],"replies":[{"embeddable":true,"href":"https:\/\/charcuteriaramonvilla.es\/en\/wp-json\/wp\/v2\/comments?post=2"}],"version-history":[{"count":187,"href":"https:\/\/charcuteriaramonvilla.es\/en\/wp-json\/wp\/v2\/pages\/2\/revisions"}],"predecessor-version":[{"id":582,"href":"https:\/\/charcuteriaramonvilla.es\/en\/wp-json\/wp\/v2\/pages\/2\/revisions\/582"}],"wp:attachment":[{"href":"https:\/\/charcuteriaramonvilla.es\/en\/wp-json\/wp\/v2\/media?parent=2"}],"curies":[{"name":"wp","href":"https:\/\/api.w.org\/{rel}","templated":true}]}}